{"id":225,"date":"2025-07-22T16:18:26","date_gmt":"2025-07-22T16:18:26","guid":{"rendered":"https:\/\/https://zam-mart.vn/\/?page_id=225"},"modified":"2025-07-22T16:22:53","modified_gmt":"2025-07-22T16:22:53","slug":"homepage-vn","status":"publish","type":"page","link":"https:\/\/https://zam-mart.vn/\/homepage-vn\/","title":{"rendered":"Homepage &#8211; VN"},"content":{"rendered":"\t\t<div data-elementor-type=\"wp-page\" data-elementor-id=\"225\" class=\"elementor elementor-225\" data-elementor-settings=\"{&quot;ha_cmc_init_switcher&quot;:&quot;no&quot;}\" data-elementor-post-type=\"page\">\n\t\t\t\t<div class=\"elementor-element elementor-element-ef6ed1a e-con-full e-flex e-con e-parent\" data-id=\"ef6ed1a\" data-element_type=\"container\" data-settings=\"{&quot;background_background&quot;:&quot;classic&quot;,&quot;_ha_eqh_enable&quot;:false}\">\n\t\t<div class=\"elementor-element elementor-element-7cc33c4 e-flex e-con-boxed e-con e-child\" data-id=\"7cc33c4\" data-element_type=\"container\" data-settings=\"{&quot;_ha_eqh_enable&quot;:false}\">\n\t\t\t\t\t<div class=\"e-con-inner\">\n\t\t\t\t<div class=\"elementor-element elementor-element-4b0ea5e elementor-widget elementor-widget-heading\" data-id=\"4b0ea5e\" data-element_type=\"widget\" data-widget_type=\"heading.default\">\n\t\t\t\t<div class=\"elementor-widget-container\">\n\t\t\t\t\t<h2 class=\"elementor-heading-title elementor-size-default\">ZAMMART<\/h2>\t\t\t\t<\/div>\n\t\t\t\t<\/div>\n\t\t\t\t<div class=\"elementor-element elementor-element-6335007 elementor-widget elementor-widget-heading\" data-id=\"6335007\" data-element_type=\"widget\" data-widget_type=\"heading.default\">\n\t\t\t\t<div class=\"elementor-widget-container\">\n\t\t\t\t\t<h2 class=\"elementor-heading-title elementor-size-default\">MUA S\u1eaeM M\u1ed8T L\u1ea6N, H\u01af\u1edeNG L\u1ee2I TR\u1eccN \u0110\u1edcI<\/h2>\t\t\t\t<\/div>\n\t\t\t\t<\/div>\n\t\t\t\t<div class=\"elementor-element elementor-element-118664b elementor-widget elementor-widget-text-editor\" data-id=\"118664b\" data-element_type=\"widget\" data-settings=\"{&quot;ha_floating_fx&quot;:&quot;yes&quot;}\" data-widget_type=\"text-editor.default\">\n\t\t\t\t<div class=\"elementor-widget-container\">\n\t\t\t\t\t\t\t\t\tT\u1ea1i ZAMMART, ch\u00fang t\u00f4i tin r\u1eb1ng m\u1ed7i quy\u1ebft \u0111\u1ecbnh ti\u00eau d\u00f9ng \u0111\u1ec1u c\u00f3 th\u1ec3 t\u1ea1o ra gi\u00e1 tr\u1ecb l\u00e2u d\u00e0i. Kh\u00f4ng ch\u1ec9 l\u00e0 n\u01a1i cung c\u1ea5p c\u00e1c s\u1ea3n ph\u1ea9m thi\u1ebft y\u1ebfu ch\u1ea5t l\u01b0\u1ee3ng cao v\u1edbi m\u1ee9c gi\u00e1 c\u1ea1nh tranh, ZAMMART c\u00f2n mang \u0111\u1ebfn m\u1ed9t m\u00f4 h\u00ecnh m\u1edbi: mua s\u1eafm k\u1ebft h\u1ee3p quy\u1ec1n l\u1ee3i&#8230;\t\t\t\t\t\t\t\t<\/div>\n\t\t\t\t<\/div>\n\t\t\t\t<div data-gbadge=\"{&quot;text&quot;:&quot;&quot;,&quot;icon&quot;:false,&quot;floating&quot;:{&quot;opacity&quot;:{&quot;from&quot;:0,&quot;to&quot;:0.43,&quot;speed&quot;:1000}}}\" class=\"elementor-element elementor-element-16cbccd ha-gb-yes ha-gb-left ha-gb-stripe elementor-invisible elementor-widget elementor-widget-ha-creative-button happy-addon ha-creative-button\" data-id=\"16cbccd\" data-element_type=\"widget\" data-settings=\"{&quot;ha_gb_efct_opacity_toggle&quot;:&quot;yes&quot;,&quot;_animation&quot;:&quot;fadeInUp&quot;,&quot;ha_gb_icon_type&quot;:&quot;none&quot;}\" data-widget_type=\"ha-creative-button.default\">\n\t\t\t\t<div class=\"elementor-widget-container\">\n\t\t\t\t\t\t\t<div data-magnetic=\"no\" class=\"ha-creative-btn-wrap\">\n\t\t\t<a class=\"ha-creative-btn ha-stl--hermosa ha-eft--exploit\" href=\"#\" rel=\"nofollow\"><span>Xem th\u00eam<\/span><\/a>\n\t\t<\/div>\t\t\t\t<\/div>\n\t\t\t\t<\/div>\n\t\t\t\t\t<\/div>\n\t\t\t\t<\/div>\n\t\t<div class=\"elementor-element elementor-element-1159560 e-flex e-con-boxed e-con e-child\" data-id=\"1159560\" data-element_type=\"container\" data-settings=\"{&quot;_ha_eqh_enable&quot;:false}\">\n\t\t\t\t\t<div class=\"e-con-inner\">\n\t\t\t\t<div class=\"elementor-element elementor-element-943577a elementor-widget elementor-widget-image\" data-id=\"943577a\" data-element_type=\"widget\" data-settings=\"{&quot;ha_floating_fx&quot;:&quot;yes&quot;,&quot;ha_floating_fx_translate_toggle&quot;:&quot;yes&quot;,&quot;ha_floating_fx_translate_x&quot;:{&quot;unit&quot;:&quot;px&quot;,&quot;size&quot;:&quot;&quot;,&quot;sizes&quot;:{&quot;from&quot;:-4,&quot;to&quot;:13}},&quot;ha_floating_fx_translate_y&quot;:{&quot;unit&quot;:&quot;px&quot;,&quot;size&quot;:&quot;&quot;,&quot;sizes&quot;:{&quot;from&quot;:-7,&quot;to&quot;:12}},&quot;ha_floating_fx_translate_duration&quot;:{&quot;unit&quot;:&quot;px&quot;,&quot;size&quot;:1000,&quot;sizes&quot;:[]},&quot;ha_floating_fx_translate_delay&quot;:{&quot;unit&quot;:&quot;px&quot;,&quot;size&quot;:&quot;&quot;,&quot;sizes&quot;:[]}}\" data-widget_type=\"image.default\">\n\t\t\t\t<div class=\"elementor-widget-container\">\n\t\t\t\t\t\t\t\t\t\t\t\t\t\t\t<img fetchpriority=\"high\" decoding=\"async\" width=\"800\" height=\"710\" src=\"https:\/\/https://zam-mart.vn/\/wp-content\/uploads\/2025\/06\/groupPhone-1024x909.png\" class=\"attachment-large size-large wp-image-72\" alt=\"\" srcset=\"https:\/\/https://zam-mart.vn/\/wp-content\/uploads\/2025\/06\/groupPhone-1024x909.png 1024w, https:\/\/https://zam-mart.vn/\/wp-content\/uploads\/2025\/06\/groupPhone-300x266.png 300w, https:\/\/https://zam-mart.vn/\/wp-content\/uploads\/2025\/06\/groupPhone-768x682.png 768w, https:\/\/https://zam-mart.vn/\/wp-content\/uploads\/2025\/06\/groupPhone-1536x1364.png 1536w, https:\/\/https://zam-mart.vn/\/wp-content\/uploads\/2025\/06\/groupPhone-2048x1819.png 2048w\" sizes=\"(max-width: 800px) 100vw, 800px\" \/>\t\t\t\t\t\t\t\t\t\t\t\t\t\t\t<\/div>\n\t\t\t\t<\/div>\n\t\t\t\t\t<\/div>\n\t\t\t\t<\/div>\n\t\t\t\t<\/div>\n\t\t<div class=\"elementor-element elementor-element-b97d4ea e-con-full e-flex e-con e-parent\" data-id=\"b97d4ea\" data-element_type=\"container\" data-settings=\"{&quot;_ha_eqh_enable&quot;:false}\">\n\t\t<div class=\"elementor-element elementor-element-7b10544 e-con-full e-flex e-con e-child\" data-id=\"7b10544\" data-element_type=\"container\" data-settings=\"{&quot;_ha_eqh_enable&quot;:false}\">\n\t\t\t\t<div class=\"elementor-element elementor-element-743e2f6 elementor-widget elementor-widget-heading\" data-id=\"743e2f6\" data-element_type=\"widget\" data-widget_type=\"heading.default\">\n\t\t\t\t<div class=\"elementor-widget-container\">\n\t\t\t\t\t<h2 class=\"elementor-heading-title elementor-size-default\">V\u1ec1 Ch\u00fang t\u00f4i<\/h2>\t\t\t\t<\/div>\n\t\t\t\t<\/div>\n\t\t\t\t<div class=\"elementor-element elementor-element-23c3a65 elementor-widget elementor-widget-text-editor\" data-id=\"23c3a65\" data-element_type=\"widget\" data-widget_type=\"text-editor.default\">\n\t\t\t\t<div class=\"elementor-widget-container\">\n\t\t\t\t\t\t\t\t\tZAMMART l\u00e0 n\u1ec1n t\u1ea3ng th\u01b0\u01a1ng m\u1ea1i \u0111i\u1ec7n t\u1eed ti\u00ean phong h\u01b0\u1edbng \u0111\u1ebfn m\u1ee5c ti\u00eau &#8220;mua s\u1eafm v\u00ec c\u1ed9ng \u0111\u1ed3ng&#8221;, mang \u0111\u1ebfn cho ng\u01b0\u1eddi ti\u00eau d\u00f9ng nh\u1eefng s\u1ea3n ph\u1ea9m thi\u1ebft y\u1ebfu ch\u1ea5t l\u01b0\u1ee3ng v\u1edbi gi\u00e1 th\u00e0nh h\u1ee3p l\u00fd. ZAMMART ch\u00ednh th\u1ee9c b\u01b0\u1edbc v\u00e0o th\u1ecb tr\u01b0\u1eddng Vi\u1ec7t Nam v\u1edbi \u0111\u1ecbnh h\u01b0\u1edbng tr\u1edf th\u00e0nh h\u1ec7 sinh th\u00e1i ti\u00eau d\u00f9ng b\u1ec1n v\u1eefng, k\u1ebft n\u1ed1i h\u00e0ng tri\u1ec7u ng\u01b0\u1eddi v\u1edbi c\u01a1 h\u1ed9i mua s\u1eafm th\u00f4ng minh v\u00e0 t\u1ea1o thu nh\u1eadp ch\u1ee7 \u0111\u1ed9ng.\t\t\t\t\t\t\t\t<\/div>\n\t\t\t\t<\/div>\n\t\t<div class=\"elementor-element elementor-element-1663e88 e-con-full e-flex e-con e-child\" data-id=\"1663e88\" data-element_type=\"container\" data-settings=\"{&quot;_ha_eqh_enable&quot;:false}\">\n\t\t\t\t<div data-gbadge=\"{&quot;text&quot;:&quot;&quot;,&quot;icon&quot;:false,&quot;floating&quot;:{&quot;opacity&quot;:{&quot;from&quot;:0,&quot;to&quot;:0.43,&quot;speed&quot;:1000}}}\" class=\"elementor-element elementor-element-8add44a ha-gb-yes ha-gb-left ha-gb-stripe elementor-invisible elementor-widget elementor-widget-ha-creative-button happy-addon ha-creative-button\" data-id=\"8add44a\" data-element_type=\"widget\" data-settings=\"{&quot;ha_gb_efct_opacity_toggle&quot;:&quot;yes&quot;,&quot;_animation&quot;:&quot;fadeInDown&quot;,&quot;ha_gb_icon_type&quot;:&quot;none&quot;}\" data-widget_type=\"ha-creative-button.default\">\n\t\t\t\t<div class=\"elementor-widget-container\">\n\t\t\t\t\t\t\t<div data-magnetic=\"no\" class=\"ha-creative-btn-wrap\">\n\t\t\t<a class=\"ha-creative-btn ha-stl--hermosa ha-eft--exploit\" href=\"#\" rel=\"nofollow\"><span>Xem th\u00eam<\/span><\/a>\n\t\t<\/div>\t\t\t\t<\/div>\n\t\t\t\t<\/div>\n\t\t\t\t<\/div>\n\t\t\t\t<\/div>\n\t\t<div class=\"elementor-element elementor-element-5a26017 e-con-full e-flex e-con e-child\" data-id=\"5a26017\" data-element_type=\"container\" data-settings=\"{&quot;_ha_eqh_enable&quot;:false}\">\n\t\t\t\t<div class=\"elementor-element elementor-element-2af1553 animated-slow elementor-invisible elementor-widget elementor-widget-image\" data-id=\"2af1553\" data-element_type=\"widget\" data-settings=\"{&quot;_animation&quot;:&quot;fadeInUp&quot;}\" data-widget_type=\"image.default\">\n\t\t\t\t<div class=\"elementor-widget-container\">\n\t\t\t\t\t\t\t\t\t\t\t\t\t\t\t<img decoding=\"async\" width=\"800\" height=\"800\" src=\"https:\/\/https://zam-mart.vn/\/wp-content\/uploads\/2025\/06\/image-5-1-1024x1024.png\" class=\"attachment-large size-large wp-image-43\" alt=\"\" srcset=\"https:\/\/https://zam-mart.vn/\/wp-content\/uploads\/2025\/06\/image-5-1-1024x1024.png 1024w, https:\/\/https://zam-mart.vn/\/wp-content\/uploads\/2025\/06\/image-5-1-300x300.png 300w, https:\/\/https://zam-mart.vn/\/wp-content\/uploads\/2025\/06\/image-5-1-150x150.png 150w, https:\/\/https://zam-mart.vn/\/wp-content\/uploads\/2025\/06\/image-5-1-768x768.png 768w, https:\/\/https://zam-mart.vn/\/wp-content\/uploads\/2025\/06\/image-5-1.png 1299w\" sizes=\"(max-width: 800px) 100vw, 800px\" \/>\t\t\t\t\t\t\t\t\t\t\t\t\t\t\t<\/div>\n\t\t\t\t<\/div>\n\t\t\t\t<\/div>\n\t\t\t\t<\/div>\n\t\t<div class=\"elementor-element elementor-element-7583a2c e-con-full e-flex e-con e-parent\" data-id=\"7583a2c\" data-element_type=\"container\" data-settings=\"{&quot;background_background&quot;:&quot;classic&quot;,&quot;_ha_eqh_enable&quot;:false}\">\n\t\t<div class=\"elementor-element elementor-element-f4c1bdd e-con-full e-flex e-con e-child\" data-id=\"f4c1bdd\" data-element_type=\"container\">\n\t\t\t\t<div class=\"elementor-element elementor-element-89f99ff elementor-widget elementor-widget-heading\" data-id=\"89f99ff\" data-element_type=\"widget\" data-widget_type=\"heading.default\">\n\t\t\t\t<div class=\"elementor-widget-container\">\n\t\t\t\t\t<h2 class=\"elementor-heading-title elementor-size-default\">APP<\/h2>\t\t\t\t<\/div>\n\t\t\t\t<\/div>\n\t\t\t\t<div class=\"elementor-element elementor-element-41ce50c elementor-widget elementor-widget-text-editor\" data-id=\"41ce50c\" data-element_type=\"widget\" data-widget_type=\"text-editor.default\">\n\t\t\t\t<div class=\"elementor-widget-container\">\n\t\t\t\t\t\t\t\t\t\u1ee8ng d\u1ee5ng ZAMMART hi\u1ec7n \u0111\u00e3 c\u00f3 m\u1eb7t tr\u00ean c\u1ea3 CH Play v\u00e0 App Store, gi\u00fap b\u1ea1n d\u1ec5 d\u00e0ng mua s\u1eafm m\u1ecdi l\u00fac, m\u1ecdi n\u01a1i.\n<br><br>\nTr\u1ea3i nghi\u1ec7m n\u1ec1n t\u1ea3ng th\u01b0\u01a1ng m\u1ea1i \u0111i\u1ec7n t\u1eed chuy\u00ean bi\u1ec7t d\u00e0nh cho c\u00e1c s\u1ea3n ph\u1ea9m thi\u1ebft y\u1ebfu \u2014 v\u1edbi m\u1ee9c gi\u00e1 h\u1ea5p d\u1eabn, \u01b0u \u0111\u00e3i \u0111\u1ed9c quy\u1ec1n d\u00e0nh cho Th\u00e0nh vi\u00ean v\u00e0 nhi\u1ec1u quy\u1ec1n l\u1ee3i n\u1ed5i b\u1eadt, t\u1ea5t c\u1ea3 ch\u1ec9 qua chi\u1ebfc \u0111i\u1ec7n tho\u1ea1i c\u1ee7a b\u1ea1n.\t\t\t\t\t\t\t\t<\/div>\n\t\t\t\t<\/div>\n\t\t<div class=\"elementor-element elementor-element-ba303c5 e-con-full e-flex e-con e-child\" data-id=\"ba303c5\" data-element_type=\"container\" data-settings=\"{&quot;_ha_eqh_enable&quot;:false}\">\n\t\t\t\t<div data-ha-element-link=\"{&quot;url&quot;:&quot;https:\\\/\\\/play.google.com\\\/store\\\/apps\\\/details?id=zammart.vn.zamweb&#038;hl=en&#038;pli=1&quot;,&quot;is_external&quot;:&quot;on&quot;,&quot;nofollow&quot;:&quot;&quot;}\" style=\"cursor: pointer\" class=\"elementor-element elementor-element-6ef539d elementor-invisible elementor-widget elementor-widget-image\" data-id=\"6ef539d\" data-element_type=\"widget\" data-settings=\"{&quot;_animation&quot;:&quot;fadeInLeft&quot;}\" data-widget_type=\"image.default\">\n\t\t\t\t<div class=\"elementor-widget-container\">\n\t\t\t\t\t\t\t\t\t\t\t\t\t\t\t<img decoding=\"async\" width=\"528\" height=\"177\" src=\"https:\/\/https://zam-mart.vn/\/wp-content\/uploads\/2025\/06\/Frame-101377.png\" class=\"attachment-large size-large wp-image-41\" alt=\"\" srcset=\"https:\/\/https://zam-mart.vn/\/wp-content\/uploads\/2025\/06\/Frame-101377.png 528w, https:\/\/https://zam-mart.vn/\/wp-content\/uploads\/2025\/06\/Frame-101377-300x101.png 300w\" sizes=\"(max-width: 528px) 100vw, 528px\" \/>\t\t\t\t\t\t\t\t\t\t\t\t\t\t\t<\/div>\n\t\t\t\t<\/div>\n\t\t\t\t<div data-ha-element-link=\"{&quot;url&quot;:&quot;https:\\\/\\\/apps.apple.com\\\/vn\\\/app\\\/zam-mart\\\/id6742022700&quot;,&quot;is_external&quot;:&quot;on&quot;,&quot;nofollow&quot;:&quot;&quot;}\" style=\"cursor: pointer\" class=\"elementor-element elementor-element-f8a87f2 elementor-invisible elementor-widget elementor-widget-image\" data-id=\"f8a87f2\" data-element_type=\"widget\" data-settings=\"{&quot;_animation&quot;:&quot;fadeInRight&quot;}\" data-widget_type=\"image.default\">\n\t\t\t\t<div class=\"elementor-widget-container\">\n\t\t\t\t\t\t\t\t\t\t\t\t\t\t\t<img loading=\"lazy\" decoding=\"async\" width=\"528\" height=\"177\" src=\"https:\/\/https://zam-mart.vn/\/wp-content\/uploads\/2025\/06\/Frame-101378.png\" class=\"attachment-large size-large wp-image-40\" alt=\"\" srcset=\"https:\/\/https://zam-mart.vn/\/wp-content\/uploads\/2025\/06\/Frame-101378.png 528w, https:\/\/https://zam-mart.vn/\/wp-content\/uploads\/2025\/06\/Frame-101378-300x101.png 300w\" sizes=\"(max-width: 528px) 100vw, 528px\" \/>\t\t\t\t\t\t\t\t\t\t\t\t\t\t\t<\/div>\n\t\t\t\t<\/div>\n\t\t\t\t<\/div>\n\t\t\t\t<\/div>\n\t\t<div class=\"elementor-element elementor-element-fcff353 e-con-full e-flex e-con e-child\" data-id=\"fcff353\" data-element_type=\"container\" data-settings=\"{&quot;ha_cmc_text&quot;:&quot;APP&quot;,&quot;ha_cmc_switcher&quot;:&quot;yes&quot;,&quot;ha_cmc_cursor_bg&quot;:&quot;#106134&quot;,&quot;ha_cmc_cursor_box_width&quot;:{&quot;unit&quot;:&quot;px&quot;,&quot;size&quot;:40,&quot;sizes&quot;:[]},&quot;ha_cmc_cursor_box_height&quot;:{&quot;unit&quot;:&quot;px&quot;,&quot;size&quot;:40,&quot;sizes&quot;:[]},&quot;_ha_eqh_enable&quot;:false,&quot;ha_default_cmc&quot;:&quot;default&quot;,&quot;ha_cmc_type&quot;:&quot;text&quot;,&quot;ha_cmc_text_color&quot;:&quot;#FFF&quot;,&quot;ha_cmc_cursor_box_width_tablet&quot;:{&quot;unit&quot;:&quot;px&quot;,&quot;size&quot;:80,&quot;sizes&quot;:[]},&quot;ha_cmc_cursor_box_width_mobile&quot;:{&quot;unit&quot;:&quot;px&quot;,&quot;size&quot;:80,&quot;sizes&quot;:[]},&quot;ha_cmc_cursor_box_height_tablet&quot;:{&quot;unit&quot;:&quot;px&quot;,&quot;size&quot;:80,&quot;sizes&quot;:[]},&quot;ha_cmc_cursor_box_height_mobile&quot;:{&quot;unit&quot;:&quot;px&quot;,&quot;size&quot;:80,&quot;sizes&quot;:[]}}\">\n\t\t\t\t<div class=\"elementor-element elementor-element-758eb00 elementor-invisible elementor-widget elementor-widget-image\" data-id=\"758eb00\" data-element_type=\"widget\" data-settings=\"{&quot;_animation&quot;:&quot;slideInUp&quot;}\" data-widget_type=\"image.default\">\n\t\t\t\t<div class=\"elementor-widget-container\">\n\t\t\t\t\t\t\t\t\t\t\t\t\t\t\t<img loading=\"lazy\" decoding=\"async\" width=\"800\" height=\"947\" src=\"https:\/\/https://zam-mart.vn/\/wp-content\/uploads\/2025\/06\/Frame-101370-865x1024.png\" class=\"attachment-large size-large wp-image-39\" alt=\"\" srcset=\"https:\/\/https://zam-mart.vn/\/wp-content\/uploads\/2025\/06\/Frame-101370-865x1024.png 865w, https:\/\/https://zam-mart.vn/\/wp-content\/uploads\/2025\/06\/Frame-101370-253x300.png 253w, https:\/\/https://zam-mart.vn/\/wp-content\/uploads\/2025\/06\/Frame-101370-768x909.png 768w, https:\/\/https://zam-mart.vn/\/wp-content\/uploads\/2025\/06\/Frame-101370-1297x1536.png 1297w, https:\/\/https://zam-mart.vn/\/wp-content\/uploads\/2025\/06\/Frame-101370.png 1629w\" sizes=\"(max-width: 800px) 100vw, 800px\" \/>\t\t\t\t\t\t\t\t\t\t\t\t\t\t\t<\/div>\n\t\t\t\t<\/div>\n\t\t\t\t<\/div>\n\t\t\t\t<\/div>\n\t\t<div class=\"elementor-element elementor-element-e3b36ab e-con-full e-flex e-con e-parent\" data-id=\"e3b36ab\" data-element_type=\"container\" data-settings=\"{&quot;_ha_eqh_enable&quot;:false}\">\n\t\t<div class=\"elementor-element elementor-element-5d2555e e-flex e-con-boxed e-con e-child\" data-id=\"5d2555e\" data-element_type=\"container\" data-settings=\"{&quot;_ha_eqh_enable&quot;:false}\">\n\t\t\t\t\t<div class=\"e-con-inner\">\n\t\t\t\t<div class=\"elementor-element elementor-element-3195f87 elementor-widget elementor-widget-heading\" data-id=\"3195f87\" data-element_type=\"widget\" data-widget_type=\"heading.default\">\n\t\t\t\t<div class=\"elementor-widget-container\">\n\t\t\t\t\t<h2 class=\"elementor-heading-title elementor-size-default\">PARTNERS<\/h2>\t\t\t\t<\/div>\n\t\t\t\t<\/div>\n\t\t\t\t\t<\/div>\n\t\t\t\t<\/div>\n\t\t\t\t<div class=\"elementor-element elementor-element-e920a62 elementor-widget elementor-widget-image-carousel\" data-id=\"e920a62\" data-element_type=\"widget\" data-settings=\"{&quot;slides_to_show&quot;:&quot;7&quot;,&quot;slides_to_scroll&quot;:&quot;1&quot;,&quot;navigation&quot;:&quot;none&quot;,&quot;image_spacing_custom&quot;:{&quot;unit&quot;:&quot;px&quot;,&quot;size&quot;:50,&quot;sizes&quot;:[]},&quot;autoplay&quot;:&quot;yes&quot;,&quot;pause_on_hover&quot;:&quot;yes&quot;,&quot;pause_on_interaction&quot;:&quot;yes&quot;,&quot;autoplay_speed&quot;:5000,&quot;infinite&quot;:&quot;yes&quot;,&quot;speed&quot;:500,&quot;image_spacing_custom_tablet&quot;:{&quot;unit&quot;:&quot;px&quot;,&quot;size&quot;:&quot;&quot;,&quot;sizes&quot;:[]},&quot;image_spacing_custom_mobile&quot;:{&quot;unit&quot;:&quot;px&quot;,&quot;size&quot;:&quot;&quot;,&quot;sizes&quot;:[]}}\" data-widget_type=\"image-carousel.default\">\n\t\t\t\t<div class=\"elementor-widget-container\">\n\t\t\t\t\t\t\t<div class=\"elementor-image-carousel-wrapper swiper\" role=\"region\" aria-roledescription=\"carousel\" aria-label=\"Image Carousel\" dir=\"ltr\">\n\t\t\t<div class=\"elementor-image-carousel swiper-wrapper\" aria-live=\"off\">\n\t\t\t\t\t\t\t\t<div class=\"swiper-slide\" role=\"group\" aria-roledescription=\"slide\" aria-label=\"1 of 13\"><figure class=\"swiper-slide-inner\"><img decoding=\"async\" class=\"swiper-slide-image\" src=\"https:\/\/https://zam-mart.vn/\/wp-content\/uploads\/2025\/06\/logo-hakinika-768x205.png\" alt=\"logo hakinika\" \/><\/figure><\/div><div class=\"swiper-slide\" role=\"group\" aria-roledescription=\"slide\" aria-label=\"2 of 13\"><figure class=\"swiper-slide-inner\"><img decoding=\"async\" class=\"swiper-slide-image\" src=\"https:\/\/https://zam-mart.vn/\/wp-content\/uploads\/2025\/06\/Vinamilk_new_logo.svg-1-768x254.png\" alt=\"Vinamilk_new_logo.svg 1\" \/><\/figure><\/div><div class=\"swiper-slide\" role=\"group\" aria-roledescription=\"slide\" aria-label=\"3 of 13\"><figure class=\"swiper-slide-inner\"><img decoding=\"async\" class=\"swiper-slide-image\" src=\"https:\/\/https://zam-mart.vn/\/wp-content\/uploads\/2025\/06\/vua-gao.png\" alt=\"vua g\u1ea1o\" \/><\/figure><\/div><div class=\"swiper-slide\" role=\"group\" aria-roledescription=\"slide\" aria-label=\"4 of 13\"><figure class=\"swiper-slide-inner\"><img decoding=\"async\" class=\"swiper-slide-image\" src=\"https:\/\/https://zam-mart.vn/\/wp-content\/uploads\/2025\/06\/logo-vissan.png\" alt=\"logo-vissan\" \/><\/figure><\/div><div class=\"swiper-slide\" role=\"group\" aria-roledescription=\"slide\" aria-label=\"5 of 13\"><figure class=\"swiper-slide-inner\"><img decoding=\"async\" class=\"swiper-slide-image\" src=\"https:\/\/https://zam-mart.vn/\/wp-content\/uploads\/2025\/06\/logo_caloFIC.png\" alt=\"logo_caloFIC\" \/><\/figure><\/div><div class=\"swiper-slide\" role=\"group\" aria-roledescription=\"slide\" aria-label=\"6 of 13\"><figure class=\"swiper-slide-inner\"><img decoding=\"async\" class=\"swiper-slide-image\" src=\"https:\/\/https://zam-mart.vn/\/wp-content\/uploads\/2025\/06\/Marico_Logo.svg.png\" alt=\"Marico_Logo.svg\" \/><\/figure><\/div><div class=\"swiper-slide\" role=\"group\" aria-roledescription=\"slide\" aria-label=\"7 of 13\"><figure class=\"swiper-slide-inner\"><img decoding=\"async\" class=\"swiper-slide-image\" src=\"https:\/\/https://zam-mart.vn/\/wp-content\/uploads\/2025\/06\/Logo-Blue.png\" alt=\"Logo-Blue\" \/><\/figure><\/div><div class=\"swiper-slide\" role=\"group\" aria-roledescription=\"slide\" aria-label=\"8 of 13\"><figure class=\"swiper-slide-inner\"><img decoding=\"async\" class=\"swiper-slide-image\" src=\"https:\/\/https://zam-mart.vn/\/wp-content\/uploads\/2025\/06\/Wilmar-768x249.png\" alt=\"Wilmar\" \/><\/figure><\/div><div class=\"swiper-slide\" role=\"group\" aria-roledescription=\"slide\" aria-label=\"9 of 13\"><figure class=\"swiper-slide-inner\"><img decoding=\"async\" class=\"swiper-slide-image\" src=\"https:\/\/https://zam-mart.vn/\/wp-content\/uploads\/2025\/06\/Logo-Clean-house-768x202.png\" alt=\"Logo-Clean-house\" \/><\/figure><\/div><div class=\"swiper-slide\" role=\"group\" aria-roledescription=\"slide\" aria-label=\"10 of 13\"><figure class=\"swiper-slide-inner\"><img decoding=\"async\" class=\"swiper-slide-image\" src=\"https:\/\/https://zam-mart.vn/\/wp-content\/uploads\/2025\/06\/THIEN-AN.png\" alt=\"THI\u00caN \u00c2N\" \/><\/figure><\/div><div class=\"swiper-slide\" role=\"group\" aria-roledescription=\"slide\" aria-label=\"11 of 13\"><figure class=\"swiper-slide-inner\"><img decoding=\"async\" class=\"swiper-slide-image\" src=\"https:\/\/https://zam-mart.vn/\/wp-content\/uploads\/2025\/06\/logo-hakinika-1-768x205.png\" alt=\"logo hakinika\" \/><\/figure><\/div><div class=\"swiper-slide\" role=\"group\" aria-roledescription=\"slide\" aria-label=\"12 of 13\"><figure class=\"swiper-slide-inner\"><img decoding=\"async\" class=\"swiper-slide-image\" src=\"https:\/\/https://zam-mart.vn/\/wp-content\/uploads\/2025\/06\/logo-vissan-1.png\" alt=\"logo-vissan\" \/><\/figure><\/div><div class=\"swiper-slide\" role=\"group\" aria-roledescription=\"slide\" aria-label=\"13 of 13\"><figure class=\"swiper-slide-inner\"><img decoding=\"async\" class=\"swiper-slide-image\" src=\"https:\/\/https://zam-mart.vn/\/wp-content\/uploads\/2025\/06\/Brand.png\" alt=\"Brand\" \/><\/figure><\/div>\t\t\t<\/div>\n\t\t\t\t\t\t\t\n\t\t\t\t\t\t\t\t\t<\/div>\n\t\t\t\t\t\t<\/div>\n\t\t\t\t<\/div>\n\t\t\t\t<\/div>\n\t\t<div class=\"elementor-element elementor-element-19edb35 e-con-full e-flex e-con e-parent\" data-id=\"19edb35\" data-element_type=\"container\" data-settings=\"{&quot;background_background&quot;:&quot;classic&quot;,&quot;_ha_eqh_enable&quot;:false}\">\n\t\t\t\t<\/div>\n\t\t\t\t<\/div>\n\t\t","protected":false},"excerpt":{"rendered":"<p>ZAMMART MUA S\u1eaeM M\u1ed8T L\u1ea6N, H\u01af\u1edeNG L\u1ee2I TR\u1eccN \u0110\u1edcI T\u1ea1i ZAMMART, ch\u00fang t\u00f4i tin r\u1eb1ng m\u1ed7i quy\u1ebft \u0111\u1ecbnh ti\u00eau d\u00f9ng \u0111\u1ec1u c\u00f3 th\u1ec3 t\u1ea1o ra gi\u00e1 tr\u1ecb l\u00e2u d\u00e0i. Kh\u00f4ng ch\u1ec9 l\u00e0 n\u01a1i cung c\u1ea5p c\u00e1c s\u1ea3n ph\u1ea9m thi\u1ebft y\u1ebfu ch\u1ea5t l\u01b0\u1ee3ng cao v\u1edbi m\u1ee9c gi\u00e1 c\u1ea1nh tranh, ZAMMART c\u00f2n mang \u0111\u1ebfn m\u1ed9t m\u00f4 h\u00ecnh [&hellip;]<\/p>\n","protected":false},"author":1,"featured_media":0,"parent":0,"menu_order":0,"comment_status":"closed","ping_status":"closed","template":"","meta":{"footnotes":""},"class_list":["post-225","page","type-page","status-publish","hentry"],"_links":{"self":[{"href":"https:\/\/https://zam-mart.vn/\/wp-json\/wp\/v2\/pages\/225","targetHints":{"allow":["GET"]}}],"collection":[{"href":"https:\/\/https://zam-mart.vn/\/wp-json\/wp\/v2\/pages"}],"about":[{"href":"https:\/\/https://zam-mart.vn/\/wp-json\/wp\/v2\/types\/page"}],"author":[{"embeddable":true,"href":"https:\/\/https://zam-mart.vn/\/wp-json\/wp\/v2\/users\/1"}],"replies":[{"embeddable":true,"href":"https:\/\/https://zam-mart.vn/\/wp-json\/wp\/v2\/comments?post=225"}],"version-history":[{"count":4,"href":"https:\/\/https://zam-mart.vn/\/wp-json\/wp\/v2\/pages\/225\/revisions"}],"predecessor-version":[{"id":229,"href":"https:\/\/https://zam-mart.vn/\/wp-json\/wp\/v2\/pages\/225\/revisions\/229"}],"wp:attachment":[{"href":"https:\/\/https://zam-mart.vn/\/wp-json\/wp\/v2\/media?parent=225"}],"curies":[{"name":"wp","href":"https:\/\/api.w.org\/{rel}","templated":true}]}}